{"id":18451,"date":"2023-04-21T19:56:38","date_gmt":"2023-04-21T19:56:38","guid":{"rendered":"https:\/\/chimtitan.ro\/en\/?page_id=18451"},"modified":"2023-11-24T17:49:36","modified_gmt":"2023-11-24T17:49:36","slug":"faq","status":"publish","type":"page","link":"https:\/\/chimtitan.ro\/en\/faq\/","title":{"rendered":"Intrebari frecvente"},"content":{"rendered":"\t\t<div data-elementor-type=\"wp-post\" data-elementor-id=\"18451\" class=\"elementor elementor-18451\">\n\t\t\t\t\t\t\t\t\t<section class=\"elementor-section elementor-top-section elementor-element elementor-element-acb960f elementor-section-boxed elementor-section-height-default elementor-section-height-default\" data-id=\"acb960f\" data-element_type=\"section\" data-settings=\"{&quot;background_background&quot;:&quot;classic&quot;}\">\n\t\t\t\t\t\t<div class=\"elementor-container elementor-column-gap-default\">\n\t\t\t\t\t<div class=\"elementor-column elementor-col-100 elementor-top-column elementor-element elementor-element-d1a2cc9\" data-id=\"d1a2cc9\" data-element_type=\"column\">\n\t\t\t<div class=\"elementor-widget-wrap elementor-element-populated\">\n\t\t\t\t\t\t\t\t<div class=\"elementor-element elementor-element-f6f5e5d elementor-widget elementor-widget-heading\" data-id=\"f6f5e5d\" data-element_type=\"widget\" data-widget_type=\"heading.default\">\n\t\t\t\t<div class=\"elementor-widget-container\">\n\t\t\t<style>\/*! elementor - v3.10.2 - 29-01-2023 *\/\n.elementor-heading-title{padding:0;margin:0;line-height:1}.elementor-widget-heading .elementor-heading-title[class*=elementor-size-]>a{color:inherit;font-size:inherit;line-height:inherit}.elementor-widget-heading .elementor-heading-title.elementor-size-small{font-size:15px}.elementor-widget-heading .elementor-heading-title.elementor-size-medium{font-size:19px}.elementor-widget-heading .elementor-heading-title.elementor-size-large{font-size:29px}.elementor-widget-heading .elementor-heading-title.elementor-size-xl{font-size:39px}.elementor-widget-heading .elementor-heading-title.elementor-size-xxl{font-size:59px}<\/style><h1 class=\"elementor-heading-title elementor-size-default\">F.A.Q.<\/h1>\t\t<\/div>\n\t\t\t\t<\/div>\n\t\t\t\t\t<\/div>\n\t\t<\/div>\n\t\t\t\t\t\t\t<\/div>\n\t\t<\/section>\n\t\t\t\t<section class=\"elementor-section elementor-top-section elementor-element elementor-element-4f27e38 elementor-section-boxed elementor-section-height-default elementor-section-height-default\" data-id=\"4f27e38\" data-element_type=\"section\" data-settings=\"{&quot;background_background&quot;:&quot;classic&quot;}\">\n\t\t\t\t\t\t<div class=\"elementor-container elementor-column-gap-default\">\n\t\t\t\t\t<div class=\"elementor-column elementor-col-100 elementor-top-column elementor-element elementor-element-87afcda\" data-id=\"87afcda\" data-element_type=\"column\">\n\t\t\t<div class=\"elementor-widget-wrap elementor-element-populated\">\n\t\t\t\t\t\t\t\t<section class=\"elementor-section elementor-inner-section elementor-element elementor-element-f60020a elementor-section-boxed elementor-section-height-default elementor-section-height-default\" data-id=\"f60020a\" data-element_type=\"section\">\n\t\t\t\t\t\t<div class=\"elementor-container elementor-column-gap-default\">\n\t\t\t\t\t<div class=\"elementor-column elementor-col-33 elementor-inner-column elementor-element elementor-element-914de2a\" data-id=\"914de2a\" data-element_type=\"column\">\n\t\t\t<div class=\"elementor-widget-wrap\">\n\t\t\t\t\t\t\t\t\t<\/div>\n\t\t<\/div>\n\t\t\t\t<div class=\"elementor-column elementor-col-33 elementor-inner-column elementor-element elementor-element-5c576c7\" data-id=\"5c576c7\" data-element_type=\"column\">\n\t\t\t<div class=\"elementor-widget-wrap elementor-element-populated\">\n\t\t\t\t\t\t\t\t<div class=\"elementor-element elementor-element-ff10510 elementor-widget elementor-widget-toggle\" data-id=\"ff10510\" data-element_type=\"widget\" data-widget_type=\"toggle.default\">\n\t\t\t\t<div class=\"elementor-widget-container\">\n\t\t\t<style>\/*! elementor - v3.10.2 - 29-01-2023 *\/\n.elementor-toggle{text-align:left}.elementor-toggle .elementor-tab-title{font-weight:700;line-height:1;margin:0;padding:15px;border-bottom:1px solid #d4d4d4;cursor:pointer;outline:none}.elementor-toggle .elementor-tab-title .elementor-toggle-icon{display:inline-block;width:1em}.elementor-toggle .elementor-tab-title .elementor-toggle-icon svg{-webkit-margin-start:-5px;margin-inline-start:-5px;width:1em;height:1em}.elementor-toggle .elementor-tab-title .elementor-toggle-icon.elementor-toggle-icon-right{float:right;text-align:right}.elementor-toggle .elementor-tab-title .elementor-toggle-icon.elementor-toggle-icon-left{float:left;text-align:left}.elementor-toggle .elementor-tab-title .elementor-toggle-icon .elementor-toggle-icon-closed{display:block}.elementor-toggle .elementor-tab-title .elementor-toggle-icon .elementor-toggle-icon-opened{display:none}.elementor-toggle .elementor-tab-title.elementor-active{border-bottom:none}.elementor-toggle .elementor-tab-title.elementor-active .elementor-toggle-icon-closed{display:none}.elementor-toggle .elementor-tab-title.elementor-active .elementor-toggle-icon-opened{display:block}.elementor-toggle .elementor-tab-content{padding:15px;border-bottom:1px solid #d4d4d4;display:none}@media (max-width:767px){.elementor-toggle .elementor-tab-title{padding:12px}.elementor-toggle .elementor-tab-content{padding:12px 10px}}.e-con-inner>.elementor-widget-toggle,.e-con>.elementor-widget-toggle{width:var(--container-widget-width);--flex-grow:var(--container-widget-flex-grow)}<\/style>\t\t<div class=\"elementor-toggle\" role=\"tablist\">\n\t\t\t\t\t\t\t<div class=\"elementor-toggle-item\">\n\t\t\t\t\t<div id=\"elementor-tab-title-2671\" class=\"elementor-tab-title\" data-tab=\"1\" role=\"tab\" aria-controls=\"elementor-tab-content-2671\" aria-expanded=\"false\">\n\t\t\t\t\t\t\t\t\t\t\t\t<span class=\"elementor-toggle-icon elementor-toggle-icon-right\" aria-hidden=\"true\">\n\t\t\t\t\t\t\t\t\t\t\t\t\t\t\t<span class=\"elementor-toggle-icon-closed\"><i class=\"fas fa-plus\"><\/i><\/span>\n\t\t\t\t\t\t\t\t<span class=\"elementor-toggle-icon-opened\"><i class=\"elementor-toggle-icon-opened fas fa-minus\"><\/i><\/span>\n\t\t\t\t\t\t\t\t\t\t\t\t\t<\/span>\n\t\t\t\t\t\t\t\t\t\t\t\t<a href=\"\" class=\"elementor-toggle-title\">When was CHIMTITAN founded and what does it produce?<\/a>\n\t\t\t\t\t<\/div>\n\n\t\t\t\t\t<div id=\"elementor-tab-content-2671\" class=\"elementor-tab-content elementor-clearfix\" data-tab=\"1\" role=\"tabpanel\" aria-labelledby=\"elementor-tab-title-2671\"><p>CHIMTITAN was founded in 1991 as a fully private capital company. It is one of the most well-known manufacturers of film-forming materials in Romania, offering a wide range of products such as varnishes, paints, enamels, primers, fillers, adhesives, and thinners.<\/p><\/div>\n\t\t\t\t<\/div>\n\t\t\t\t\t\t\t<div class=\"elementor-toggle-item\">\n\t\t\t\t\t<div id=\"elementor-tab-title-2672\" class=\"elementor-tab-title\" data-tab=\"2\" role=\"tab\" aria-controls=\"elementor-tab-content-2672\" aria-expanded=\"false\">\n\t\t\t\t\t\t\t\t\t\t\t\t<span class=\"elementor-toggle-icon elementor-toggle-icon-right\" aria-hidden=\"true\">\n\t\t\t\t\t\t\t\t\t\t\t\t\t\t\t<span class=\"elementor-toggle-icon-closed\"><i class=\"fas fa-plus\"><\/i><\/span>\n\t\t\t\t\t\t\t\t<span class=\"elementor-toggle-icon-opened\"><i class=\"elementor-toggle-icon-opened fas fa-minus\"><\/i><\/span>\n\t\t\t\t\t\t\t\t\t\t\t\t\t<\/span>\n\t\t\t\t\t\t\t\t\t\t\t\t<a href=\"\" class=\"elementor-toggle-title\">Is CHIMTITAN a paint manufacturer?<\/a>\n\t\t\t\t\t<\/div>\n\n\t\t\t\t\t<div id=\"elementor-tab-content-2672\" class=\"elementor-tab-content elementor-clearfix\" data-tab=\"2\" role=\"tabpanel\" aria-labelledby=\"elementor-tab-title-2672\"><p>Yes, CHIMTITAN is a paint manufacturer. The company produces a wide range of paints, varnishes, and other chemical products for the painting industry and consumers.<\/p><p>Through its own production and research and development facilities, CHIMTITAN can control the quality and consistency of its products and offer customized solutions for its customers&#8217; needs.<\/p><p>The products manufactured by CHIMTITAN, resulting from the company&#8217;s own research by its specialists, cover all fields of activity, from washable paints, decorative plasters, and water-dispersion adhesives for civil and industrial constructions, to primers, varnishes, enamels, and adhesives for the furniture industry, as well as special protection products and systems for construction and metal structures, the machinery manufacturing industry, hydrotechnics, chemical, petrochemical, food, aviation, or naval industries.<\/p><\/div>\n\t\t\t\t<\/div>\n\t\t\t\t\t\t\t<div class=\"elementor-toggle-item\">\n\t\t\t\t\t<div id=\"elementor-tab-title-2673\" class=\"elementor-tab-title\" data-tab=\"3\" role=\"tab\" aria-controls=\"elementor-tab-content-2673\" aria-expanded=\"false\">\n\t\t\t\t\t\t\t\t\t\t\t\t<span class=\"elementor-toggle-icon elementor-toggle-icon-right\" aria-hidden=\"true\">\n\t\t\t\t\t\t\t\t\t\t\t\t\t\t\t<span class=\"elementor-toggle-icon-closed\"><i class=\"fas fa-plus\"><\/i><\/span>\n\t\t\t\t\t\t\t\t<span class=\"elementor-toggle-icon-opened\"><i class=\"elementor-toggle-icon-opened fas fa-minus\"><\/i><\/span>\n\t\t\t\t\t\t\t\t\t\t\t\t\t<\/span>\n\t\t\t\t\t\t\t\t\t\t\t\t<a href=\"\" class=\"elementor-toggle-title\">What are the market sectors covered by CHIMTITAN products?<\/a>\n\t\t\t\t\t<\/div>\n\n\t\t\t\t\t<div id=\"elementor-tab-content-2673\" class=\"elementor-tab-content elementor-clearfix\" data-tab=\"3\" role=\"tabpanel\" aria-labelledby=\"elementor-tab-title-2673\"><p class=\"p1\">The products manufactured by CHIMTITAN cover all fields of activity, from washable paints, decorative plasters, and water-dispersion adhesives for civil and industrial constructions, to primers, varnishes, enamels, and adhesives for the furniture industry, as well as special protection products and systems for construction and metal structures, the machinery manufacturing industry, hydrotechnics, chemical, petrochemical, food, aviation, or naval industries.<\/p><p>A large part of CHIMTITAN&#8217;s products are aimed at industrial consumers, covering all areas of activity in this sector (furniture industry, machinery manufacturing industry, hydrotechnics, petrochemical industry, aviation industry, naval industry, civil and industrial constructions), but equally, to meet market demands, CHIMTITAN has also focused on consumer products.<\/p><\/div>\n\t\t\t\t<\/div>\n\t\t\t\t\t\t\t<div class=\"elementor-toggle-item\">\n\t\t\t\t\t<div id=\"elementor-tab-title-2674\" class=\"elementor-tab-title\" data-tab=\"4\" role=\"tab\" aria-controls=\"elementor-tab-content-2674\" aria-expanded=\"false\">\n\t\t\t\t\t\t\t\t\t\t\t\t<span class=\"elementor-toggle-icon elementor-toggle-icon-right\" aria-hidden=\"true\">\n\t\t\t\t\t\t\t\t\t\t\t\t\t\t\t<span class=\"elementor-toggle-icon-closed\"><i class=\"fas fa-plus\"><\/i><\/span>\n\t\t\t\t\t\t\t\t<span class=\"elementor-toggle-icon-opened\"><i class=\"elementor-toggle-icon-opened fas fa-minus\"><\/i><\/span>\n\t\t\t\t\t\t\t\t\t\t\t\t\t<\/span>\n\t\t\t\t\t\t\t\t\t\t\t\t<a href=\"\" class=\"elementor-toggle-title\">Can you create a custom paint for any project?<\/a>\n\t\t\t\t\t<\/div>\n\n\t\t\t\t\t<div id=\"elementor-tab-content-2674\" class=\"elementor-tab-content elementor-clearfix\" data-tab=\"4\" role=\"tabpanel\" aria-labelledby=\"elementor-tab-title-2674\"><p>As a paint manufacturer, we are capable of creating a variety of custom colors to meet the needs of your projects. From custom shades to special paint formulas, we are ready to work with you to find the best solution. We have a dedicated team of painting experts who use the latest technologies and methods to create custom shades that precisely match your requirements. Please contact us for more information about our paint customization process and our services.<\/p><\/div>\n\t\t\t\t<\/div>\n\t\t\t\t\t\t\t<div class=\"elementor-toggle-item\">\n\t\t\t\t\t<div id=\"elementor-tab-title-2675\" class=\"elementor-tab-title\" data-tab=\"5\" role=\"tab\" aria-controls=\"elementor-tab-content-2675\" aria-expanded=\"false\">\n\t\t\t\t\t\t\t\t\t\t\t\t<span class=\"elementor-toggle-icon elementor-toggle-icon-right\" aria-hidden=\"true\">\n\t\t\t\t\t\t\t\t\t\t\t\t\t\t\t<span class=\"elementor-toggle-icon-closed\"><i class=\"fas fa-plus\"><\/i><\/span>\n\t\t\t\t\t\t\t\t<span class=\"elementor-toggle-icon-opened\"><i class=\"elementor-toggle-icon-opened fas fa-minus\"><\/i><\/span>\n\t\t\t\t\t\t\t\t\t\t\t\t\t<\/span>\n\t\t\t\t\t\t\t\t\t\t\t\t<a href=\"\" class=\"elementor-toggle-title\">What management systems are implemented?<\/a>\n\t\t\t\t\t<\/div>\n\n\t\t\t\t\t<div id=\"elementor-tab-content-2675\" class=\"elementor-tab-content elementor-clearfix\" data-tab=\"5\" role=\"tabpanel\" aria-labelledby=\"elementor-tab-title-2675\"><p>CHIMTITAN has implemented an Integrated Quality \u2013 Environment Management System, in accordance with ISO 9001: 2015 and ISO 14001: 2015, certified by the T\u00dcV CERT certification body of T\u00dcV Th\u00fcringen Germany.<\/p><\/div>\n\t\t\t\t<\/div>\n\t\t\t\t\t\t\t<div class=\"elementor-toggle-item\">\n\t\t\t\t\t<div id=\"elementor-tab-title-2676\" class=\"elementor-tab-title\" data-tab=\"6\" role=\"tab\" aria-controls=\"elementor-tab-content-2676\" aria-expanded=\"false\">\n\t\t\t\t\t\t\t\t\t\t\t\t<span class=\"elementor-toggle-icon elementor-toggle-icon-right\" aria-hidden=\"true\">\n\t\t\t\t\t\t\t\t\t\t\t\t\t\t\t<span class=\"elementor-toggle-icon-closed\"><i class=\"fas fa-plus\"><\/i><\/span>\n\t\t\t\t\t\t\t\t<span class=\"elementor-toggle-icon-opened\"><i class=\"elementor-toggle-icon-opened fas fa-minus\"><\/i><\/span>\n\t\t\t\t\t\t\t\t\t\t\t\t\t<\/span>\n\t\t\t\t\t\t\t\t\t\t\t\t<a href=\"\" class=\"elementor-toggle-title\">What fields of activity do these paints cover?<\/a>\n\t\t\t\t\t<\/div>\n\n\t\t\t\t\t<div id=\"elementor-tab-content-2676\" class=\"elementor-tab-content elementor-clearfix\" data-tab=\"6\" role=\"tabpanel\" aria-labelledby=\"elementor-tab-title-2676\"><p>CHIMTITAN products cover a wide range of fields of activity, from washable paints, decorative plasters, and adhesives for civil and industrial constructions, to special protection products and systems for various industries such as machinery, hydrotechnics, chemical, petrochemical, food, aviation, or naval.<\/p><\/div>\n\t\t\t\t<\/div>\n\t\t\t\t\t\t\t<div class=\"elementor-toggle-item\">\n\t\t\t\t\t<div id=\"elementor-tab-title-2677\" class=\"elementor-tab-title\" data-tab=\"7\" role=\"tab\" aria-controls=\"elementor-tab-content-2677\" aria-expanded=\"false\">\n\t\t\t\t\t\t\t\t\t\t\t\t<span class=\"elementor-toggle-icon elementor-toggle-icon-right\" aria-hidden=\"true\">\n\t\t\t\t\t\t\t\t\t\t\t\t\t\t\t<span class=\"elementor-toggle-icon-closed\"><i class=\"fas fa-plus\"><\/i><\/span>\n\t\t\t\t\t\t\t\t<span class=\"elementor-toggle-icon-opened\"><i class=\"elementor-toggle-icon-opened fas fa-minus\"><\/i><\/span>\n\t\t\t\t\t\t\t\t\t\t\t\t\t<\/span>\n\t\t\t\t\t\t\t\t\t\t\t\t<a href=\"\" class=\"elementor-toggle-title\">How has the CHIMTITAN product range evolved over the years?<\/a>\n\t\t\t\t\t<\/div>\n\n\t\t\t\t\t<div id=\"elementor-tab-content-2677\" class=\"elementor-tab-content elementor-clearfix\" data-tab=\"7\" role=\"tabpanel\" aria-labelledby=\"elementor-tab-title-2677\"><p>Since 1991, CHIMTITAN has constantly diversified its product range. Research carried out in its own laboratories, equipped with state-of-the-art equipment and apparatus, has led to the approval of new types of products, with decorative and anti-corrosive protection characteristics, resistant to temperature and various aggressive agents.<\/p><p>CHIMTITAN&#8217;s policy includes long-term investments to increase production capacities with high-tech equipment, for environmental protection, and for continuous quality improvement.<\/p><\/div>\n\t\t\t\t<\/div>\n\t\t\t\t\t\t\t\t<\/div>\n\t\t\t\t<\/div>\n\t\t\t\t<\/div>\n\t\t\t\t\t<\/div>\n\t\t<\/div>\n\t\t\t\t<div class=\"elementor-column elementor-col-33 elementor-inner-column elementor-element elementor-element-596b6b9\" data-id=\"596b6b9\" data-element_type=\"column\">\n\t\t\t<div class=\"elementor-widget-wrap\">\n\t\t\t\t\t\t\t\t\t<\/div>\n\t\t<\/div>\n\t\t\t\t\t\t\t<\/div>\n\t\t<\/section>\n\t\t\t\t\t<\/div>\n\t\t<\/div>\n\t\t\t\t\t\t\t<\/div>\n\t\t<\/section>\n\t\t\t\t\t\t\t<\/div>\n\t\t","protected":false},"excerpt":{"rendered":"<p>F.A.Q. When was CHIMTITAN founded and what does it produce? CHIMTITAN was founded in 1991 as a fully private capital company. It is one of the most well-known manufacturers of film-forming materials in Romania, offering a wide range of products such as varnishes, paints, enamels, primers, fillers, adhesives, and thinners. Is CHIMTITAN a paint manufacturer? [&hellip;]<\/p>\n","protected":false},"author":1,"featured_media":0,"parent":0,"menu_order":0,"comment_status":"closed","ping_status":"closed","template":"elementor_header_footer","meta":{"footnotes":""},"class_list":["post-18451","page","type-page","status-publish","hentry"],"yoast_head":"<!-- This site is optimized with the Yoast SEO plugin v20.11 - https:\/\/yoast.com\/wordpress\/plugins\/seo\/ -->\n<title>Intrebari frecvente - chimtitan<\/title>\n<meta name=\"robots\" content=\"index, follow, max-snippet:-1, max-image-preview:large, max-video-preview:-1\" \/>\n<link rel=\"canonical\" href=\"https:\/\/chimtitan.ro\/en\/faq\/\" \/>\n<meta property=\"og:locale\" content=\"ro_RO\" \/>\n<meta property=\"og:type\" content=\"article\" \/>\n<meta property=\"og:title\" content=\"Intrebari frecvente - chimtitan\" \/>\n<meta property=\"og:description\" content=\"F.A.Q. When was CHIMTITAN founded and what does it produce? CHIMTITAN was founded in 1991 as a fully private capital company. It is one of the most well-known manufacturers of film-forming materials in Romania, offering a wide range of products such as varnishes, paints, enamels, primers, fillers, adhesives, and thinners. Is CHIMTITAN a paint manufacturer? [&hellip;]\" \/>\n<meta property=\"og:url\" content=\"https:\/\/chimtitan.ro\/en\/faq\/\" \/>\n<meta property=\"og:site_name\" content=\"chimtitan\" \/>\n<meta property=\"article:modified_time\" content=\"2023-11-24T17:49:36+00:00\" \/>\n<meta name=\"twitter:card\" content=\"summary_large_image\" \/>\n<meta name=\"twitter:label1\" content=\"Timp estimat pentru citire\" \/>\n\t<meta name=\"twitter:data1\" content=\"3 minute\" \/>\n<script type=\"application\/ld+json\" class=\"yoast-schema-graph\">{\"@context\":\"https:\/\/schema.org\",\"@graph\":[{\"@type\":\"WebPage\",\"@id\":\"https:\/\/chimtitan.ro\/en\/faq\/\",\"url\":\"https:\/\/chimtitan.ro\/en\/faq\/\",\"name\":\"Intrebari frecvente - chimtitan\",\"isPartOf\":{\"@id\":\"https:\/\/chimtitan.ro\/en\/#website\"},\"datePublished\":\"2023-04-21T19:56:38+00:00\",\"dateModified\":\"2023-11-24T17:49:36+00:00\",\"breadcrumb\":{\"@id\":\"https:\/\/chimtitan.ro\/en\/faq\/#breadcrumb\"},\"inLanguage\":\"ro-RO\",\"potentialAction\":[{\"@type\":\"ReadAction\",\"target\":[\"https:\/\/chimtitan.ro\/en\/faq\/\"]}]},{\"@type\":\"BreadcrumbList\",\"@id\":\"https:\/\/chimtitan.ro\/en\/faq\/#breadcrumb\",\"itemListElement\":[{\"@type\":\"ListItem\",\"position\":1,\"name\":\"Home\",\"item\":\"https:\/\/chimtitan.ro\/en\/\"},{\"@type\":\"ListItem\",\"position\":2,\"name\":\"Intrebari frecvente\"}]},{\"@type\":\"WebSite\",\"@id\":\"https:\/\/chimtitan.ro\/en\/#website\",\"url\":\"https:\/\/chimtitan.ro\/en\/\",\"name\":\"chimtitan\",\"description\":\"\",\"potentialAction\":[{\"@type\":\"SearchAction\",\"target\":{\"@type\":\"EntryPoint\",\"urlTemplate\":\"https:\/\/chimtitan.ro\/en\/?s={search_term_string}\"},\"query-input\":\"required name=search_term_string\"}],\"inLanguage\":\"ro-RO\"}]}<\/script>\n<!-- \/ Yoast SEO plugin. -->","yoast_head_json":{"title":"Intrebari frecvente - chimtitan","robots":{"index":"index","follow":"follow","max-snippet":"max-snippet:-1","max-image-preview":"max-image-preview:large","max-video-preview":"max-video-preview:-1"},"canonical":"https:\/\/chimtitan.ro\/en\/faq\/","og_locale":"ro_RO","og_type":"article","og_title":"Intrebari frecvente - chimtitan","og_description":"F.A.Q. When was CHIMTITAN founded and what does it produce? CHIMTITAN was founded in 1991 as a fully private capital company. It is one of the most well-known manufacturers of film-forming materials in Romania, offering a wide range of products such as varnishes, paints, enamels, primers, fillers, adhesives, and thinners. Is CHIMTITAN a paint manufacturer? [&hellip;]","og_url":"https:\/\/chimtitan.ro\/en\/faq\/","og_site_name":"chimtitan","article_modified_time":"2023-11-24T17:49:36+00:00","twitter_card":"summary_large_image","twitter_misc":{"Timp estimat pentru citire":"3 minute"},"schema":{"@context":"https:\/\/schema.org","@graph":[{"@type":"WebPage","@id":"https:\/\/chimtitan.ro\/en\/faq\/","url":"https:\/\/chimtitan.ro\/en\/faq\/","name":"Intrebari frecvente - chimtitan","isPartOf":{"@id":"https:\/\/chimtitan.ro\/en\/#website"},"datePublished":"2023-04-21T19:56:38+00:00","dateModified":"2023-11-24T17:49:36+00:00","breadcrumb":{"@id":"https:\/\/chimtitan.ro\/en\/faq\/#breadcrumb"},"inLanguage":"ro-RO","potentialAction":[{"@type":"ReadAction","target":["https:\/\/chimtitan.ro\/en\/faq\/"]}]},{"@type":"BreadcrumbList","@id":"https:\/\/chimtitan.ro\/en\/faq\/#breadcrumb","itemListElement":[{"@type":"ListItem","position":1,"name":"Home","item":"https:\/\/chimtitan.ro\/en\/"},{"@type":"ListItem","position":2,"name":"Intrebari frecvente"}]},{"@type":"WebSite","@id":"https:\/\/chimtitan.ro\/en\/#website","url":"https:\/\/chimtitan.ro\/en\/","name":"chimtitan","description":"","potentialAction":[{"@type":"SearchAction","target":{"@type":"EntryPoint","urlTemplate":"https:\/\/chimtitan.ro\/en\/?s={search_term_string}"},"query-input":"required name=search_term_string"}],"inLanguage":"ro-RO"}]}},"_links":{"self":[{"href":"https:\/\/chimtitan.ro\/en\/wp-json\/wp\/v2\/pages\/18451","targetHints":{"allow":["GET"]}}],"collection":[{"href":"https:\/\/chimtitan.ro\/en\/wp-json\/wp\/v2\/pages"}],"about":[{"href":"https:\/\/chimtitan.ro\/en\/wp-json\/wp\/v2\/types\/page"}],"author":[{"embeddable":true,"href":"https:\/\/chimtitan.ro\/en\/wp-json\/wp\/v2\/users\/1"}],"replies":[{"embeddable":true,"href":"https:\/\/chimtitan.ro\/en\/wp-json\/wp\/v2\/comments?post=18451"}],"version-history":[{"count":19,"href":"https:\/\/chimtitan.ro\/en\/wp-json\/wp\/v2\/pages\/18451\/revisions"}],"predecessor-version":[{"id":19493,"href":"https:\/\/chimtitan.ro\/en\/wp-json\/wp\/v2\/pages\/18451\/revisions\/19493"}],"wp:attachment":[{"href":"https:\/\/chimtitan.ro\/en\/wp-json\/wp\/v2\/media?parent=18451"}],"curies":[{"name":"wp","href":"https:\/\/api.w.org\/{rel}","templated":true}]}}